{"id":530,"date":"2025-09-04T22:17:14","date_gmt":"2025-09-04T19:17:14","guid":{"rendered":"https:\/\/porkkala.lukiot.fi\/?page_id=530"},"modified":"2025-09-04T23:22:46","modified_gmt":"2025-09-04T20:22:46","slug":"musiikki","status":"publish","type":"page","link":"https:\/\/porkkala.lukiot.fi\/index.php\/musiikki\/","title":{"rendered":"Musiikki"},"content":{"rendered":"\n<h2 class=\"wp-block-heading has-text-align-center\"><strong>Hallituksen musiikkikirjasto<\/strong><\/h2>\n\n\n\n<p class=\"has-text-align-center\">Alla hallituksen j\u00e4senien tekem\u00e4\u00e4 musiikkia, joko itse tehty\u00e4, teko\u00e4ly\u00e4 k\u00e4ytt\u00e4en, <br>tai muuten vain jotain satunnaista. <br><strong>Nauttikaa!<\/strong><\/p>\n\n\n\n<div class=\"wp-block-group has-global-padding is-layout-constrained wp-container-core-group-is-layout-4897f5cc wp-block-group-is-layout-constrained\" style=\"margin-top:0;margin-bottom:0;padding-top:0;padding-bottom:0\"><ul class=\"wp-block-latest-posts__list has-dates alignwide wp-block-latest-posts\"><li><a class=\"wp-block-latest-posts__post-title\" href=\"https:\/\/porkkala.lukiot.fi\/index.php\/tervetullooo\/\">Tervetullooo<\/a><time datetime=\"2025-09-04T23:21:06+03:00\" class=\"wp-block-latest-posts__post-date\">04\/09\/2025<\/time><div class=\"wp-block-latest-posts__post-full-content\"><!-- wp:file {\"id\":568,\"href\":\"https:\/\/porkkala.lukiot.fi\/wp-content\/uploads\/2025\/09\/Tervetullooo.mp3\"} -->\n<div class=\"wp-block-file\"><a id=\"wp-block-file--media-99c9ce83-bb4b-4438-87ed-5030d57f0fa1\" href=\"https:\/\/porkkala.lukiot.fi\/wp-content\/uploads\/2025\/09\/Tervetullooo.mp3\">Tervetullooo<\/a><a href=\"https:\/\/porkkala.lukiot.fi\/wp-content\/uploads\/2025\/09\/Tervetullooo.mp3\" class=\"wp-block-file__button wp-element-button\" download aria-describedby=\"wp-block-file--media-99c9ce83-bb4b-4438-87ed-5030d57f0fa1\">Lataa<\/a><\/div>\n<!-- \/wp:file --><\/div><\/li>\n<li><a class=\"wp-block-latest-posts__post-title\" href=\"https:\/\/porkkala.lukiot.fi\/index.php\/tervetuloa-porkkalaan\/\">Tervetuloa Porkkalaan<\/a><time datetime=\"2025-09-04T23:19:25+03:00\" class=\"wp-block-latest-posts__post-date\">04\/09\/2025<\/time><div class=\"wp-block-latest-posts__post-full-content\"><!-- wp:file {\"id\":565,\"href\":\"https:\/\/porkkala.lukiot.fi\/wp-content\/uploads\/2025\/09\/Tervetuloa-Porkkalaan.mp3\"} -->\n<div class=\"wp-block-file\"><a id=\"wp-block-file--media-cfd2a968-8829-4d02-ab84-886763d45905\" href=\"https:\/\/porkkala.lukiot.fi\/wp-content\/uploads\/2025\/09\/Tervetuloa-Porkkalaan.mp3\">Tervetuloa Porkkalaan<\/a><a href=\"https:\/\/porkkala.lukiot.fi\/wp-content\/uploads\/2025\/09\/Tervetuloa-Porkkalaan.mp3\" class=\"wp-block-file__button wp-element-button\" download aria-describedby=\"wp-block-file--media-cfd2a968-8829-4d02-ab84-886763d45905\">Lataa<\/a><\/div>\n<!-- \/wp:file --><\/div><\/li>\n<li><a class=\"wp-block-latest-posts__post-title\" href=\"https:\/\/porkkala.lukiot.fi\/index.php\/tervetuloa-lukioon\/\">Tervetuloa Lukioon<\/a><time datetime=\"2025-09-04T23:18:43+03:00\" class=\"wp-block-latest-posts__post-date\">04\/09\/2025<\/time><div class=\"wp-block-latest-posts__post-full-content\"><!-- wp:file {\"id\":562,\"href\":\"https:\/\/porkkala.lukiot.fi\/wp-content\/uploads\/2025\/09\/Tervetuloa-Lukioon.mp3\"} -->\n<div class=\"wp-block-file\"><a id=\"wp-block-file--media-4ffc596d-5b4c-499b-9ec0-7311b58519f3\" href=\"https:\/\/porkkala.lukiot.fi\/wp-content\/uploads\/2025\/09\/Tervetuloa-Lukioon.mp3\">Tervetuloa Lukioon<\/a><a href=\"https:\/\/porkkala.lukiot.fi\/wp-content\/uploads\/2025\/09\/Tervetuloa-Lukioon.mp3\" class=\"wp-block-file__button wp-element-button\" download aria-describedby=\"wp-block-file--media-4ffc596d-5b4c-499b-9ec0-7311b58519f3\">Lataa<\/a><\/div>\n<!-- \/wp:file --><\/div><\/li>\n<li><a class=\"wp-block-latest-posts__post-title\" href=\"https:\/\/porkkala.lukiot.fi\/index.php\/merinen-porkkala\/\">Merinen Porkkala<\/a><time datetime=\"2025-09-04T23:17:51+03:00\" class=\"wp-block-latest-posts__post-date\">04\/09\/2025<\/time><div class=\"wp-block-latest-posts__post-full-content\"><!-- wp:file {\"id\":559,\"href\":\"https:\/\/porkkala.lukiot.fi\/wp-content\/uploads\/2025\/09\/Merinen-Porkkala.mp3\"} -->\n<div class=\"wp-block-file\"><a id=\"wp-block-file--media-ce56b386-8c69-4401-ad02-bcdd36d860ab\" href=\"https:\/\/porkkala.lukiot.fi\/wp-content\/uploads\/2025\/09\/Merinen-Porkkala.mp3\">Merinen Porkkala<\/a><a href=\"https:\/\/porkkala.lukiot.fi\/wp-content\/uploads\/2025\/09\/Merinen-Porkkala.mp3\" class=\"wp-block-file__button wp-element-button\" download aria-describedby=\"wp-block-file--media-ce56b386-8c69-4401-ad02-bcdd36d860ab\">Lataa<\/a><\/div>\n<!-- \/wp:file --><\/div><\/li>\n<li><a class=\"wp-block-latest-posts__post-title\" href=\"https:\/\/porkkala.lukiot.fi\/index.php\/vanha-laiva\/\">Vanha laiva<\/a><time datetime=\"2025-09-04T23:15:40+03:00\" class=\"wp-block-latest-posts__post-date\">04\/09\/2025<\/time><div class=\"wp-block-latest-posts__post-full-content\"><!-- wp:file {\"id\":554,\"href\":\"https:\/\/porkkala.lukiot.fi\/wp-content\/uploads\/2025\/09\/Vanha-laiva.mp3\"} -->\n<div class=\"wp-block-file\"><a id=\"wp-block-file--media-ce4d06b5-b9e3-4666-940d-ea6768a0cac6\" href=\"https:\/\/porkkala.lukiot.fi\/wp-content\/uploads\/2025\/09\/Vanha-laiva.mp3\">Vanha laiva<\/a><a href=\"https:\/\/porkkala.lukiot.fi\/wp-content\/uploads\/2025\/09\/Vanha-laiva.mp3\" class=\"wp-block-file__button wp-element-button\" download aria-describedby=\"wp-block-file--media-ce4d06b5-b9e3-4666-940d-ea6768a0cac6\">Lataa<\/a><\/div>\n<!-- \/wp:file --><\/div><\/li>\n<li><a class=\"wp-block-latest-posts__post-title\" href=\"https:\/\/porkkala.lukiot.fi\/index.php\/abiturienttien-ylistys\/\">Abiturienttien ylistys<\/a><time datetime=\"2025-09-04T22:24:24+03:00\" class=\"wp-block-latest-posts__post-date\">04\/09\/2025<\/time><div class=\"wp-block-latest-posts__post-full-content\"><!-- wp:file {\"id\":535,\"href\":\"https:\/\/porkkala.lukiot.fi\/wp-content\/uploads\/2025\/09\/Porkkalan-lukio-Abiturienttien-ylistys-5.mp3\"} -->\n<div class=\"wp-block-file\"><a id=\"wp-block-file--media-7d2d0157-af34-4255-a918-709515c5a6bf\" href=\"https:\/\/porkkala.lukiot.fi\/wp-content\/uploads\/2025\/09\/Porkkalan-lukio-Abiturienttien-ylistys-5.mp3\">Abiturienttien ylistys<\/a><a href=\"https:\/\/porkkala.lukiot.fi\/wp-content\/uploads\/2025\/09\/Porkkalan-lukio-Abiturienttien-ylistys-5.mp3\" class=\"wp-block-file__button wp-element-button\" download aria-describedby=\"wp-block-file--media-7d2d0157-af34-4255-a918-709515c5a6bf\">Lataa<\/a><\/div>\n<!-- \/wp:file -->\n\n<!-- wp:paragraph -->\n<p><\/p>\n<!-- \/wp:paragraph --><\/div><\/li>\n<\/ul><\/div>\n\n\n\n<p><\/p>\n","protected":false},"excerpt":{"rendered":"<p>Hallituksen musiikkikirjasto Alla hallituksen j\u00e4senien tekem\u00e4\u00e4 musiikkia, joko itse tehty\u00e4, teko\u00e4ly\u00e4 k\u00e4ytt\u00e4en, tai muuten vain jotain satunnaista. Nauttikaa!<\/p>\n","protected":false},"author":1,"featured_media":0,"parent":0,"menu_order":0,"comment_status":"closed","ping_status":"closed","template":"page-no-title","meta":{"footnotes":""},"class_list":["post-530","page","type-page","status-publish","hentry"],"_links":{"self":[{"href":"https:\/\/porkkala.lukiot.fi\/index.php\/wp-json\/wp\/v2\/pages\/530","targetHints":{"allow":["GET"]}}],"collection":[{"href":"https:\/\/porkkala.lukiot.fi\/index.php\/wp-json\/wp\/v2\/pages"}],"about":[{"href":"https:\/\/porkkala.lukiot.fi\/index.php\/wp-json\/wp\/v2\/types\/page"}],"author":[{"embeddable":true,"href":"https:\/\/porkkala.lukiot.fi\/index.php\/wp-json\/wp\/v2\/users\/1"}],"replies":[{"embeddable":true,"href":"https:\/\/porkkala.lukiot.fi\/index.php\/wp-json\/wp\/v2\/comments?post=530"}],"version-history":[{"count":18,"href":"https:\/\/porkkala.lukiot.fi\/index.php\/wp-json\/wp\/v2\/pages\/530\/revisions"}],"predecessor-version":[{"id":572,"href":"https:\/\/porkkala.lukiot.fi\/index.php\/wp-json\/wp\/v2\/pages\/530\/revisions\/572"}],"wp:attachment":[{"href":"https:\/\/porkkala.lukiot.fi\/index.php\/wp-json\/wp\/v2\/media?parent=530"}],"curies":[{"name":"wp","href":"https:\/\/api.w.org\/{rel}","templated":true}]}}