{"id":461,"date":"2025-07-03T18:35:22","date_gmt":"2025-07-03T15:35:22","guid":{"rendered":"https:\/\/porkkala.lukiot.fi\/?page_id=461"},"modified":"2025-09-28T11:21:36","modified_gmt":"2025-09-28T08:21:36","slug":"yhteystiedot","status":"publish","type":"page","link":"https:\/\/porkkala.lukiot.fi\/index.php\/yhteystiedot\/","title":{"rendered":"Yhteystiedot"},"content":{"rendered":"\n<div class=\"wp-block-group alignfull has-base-color has-contrast-background-color has-text-color has-background has-link-color wp-elements-e30642888380fc10a05cb6615bdd1dec has-global-padding is-layout-constrained wp-container-core-group-is-layout-d89aad35 wp-block-group-is-layout-constrained\" style=\"margin-top:0;margin-bottom:0;padding-top:var(--wp--preset--spacing--50);padding-right:var(--wp--preset--spacing--50);padding-bottom:var(--wp--preset--spacing--50);padding-left:var(--wp--preset--spacing--50)\">\n<h2 class=\"wp-block-heading alignwide has-base-color has-text-color has-link-color wp-elements-2d277d01d135602ca7b859603e70636e\" style=\"font-size:clamp(2.2rem, 2.2rem + ((1vw - 0.2rem) * 3), 4rem);letter-spacing:-0.02em\">Yhteystiedot<\/h2>\n\n\n\n<div class=\"wp-block-group alignwide is-layout-flow wp-block-group-is-layout-flow\">\n<div class=\"wp-block-group is-nowrap is-layout-flex wp-container-core-group-is-layout-b6b71352 wp-block-group-is-layout-flex\" style=\"padding-right:0;padding-left:0\">\n<p>S\u00e4hk\u00f6posti: etunimi.sukunimi(at)edu.kirkkonummi.fi<\/p>\n<\/div>\n\n\n\n<hr class=\"wp-block-separator has-text-color has-base-color has-alpha-channel-opacity has-base-background-color has-background is-style-wide\" style=\"margin-top:var(--wp--preset--spacing--30);margin-bottom:var(--wp--preset--spacing--30)\"\/>\n\n\n\n<h3 class=\"wp-block-heading alignwide has-base-2-color has-text-color has-link-color wp-elements-a9f5cbaa80471ecf08b362f64d85fbd7\">Ohjaavat opettajat<\/h3>\n\n\n\n<p class=\"has-contrast-1-color has-text-color has-link-color wp-elements-1ca43a4f115443a115fa52540ddcc070\">Tanja S\u00e4nkiaho<\/p>\n\n\n\n<hr class=\"wp-block-separator has-text-color has-base-color has-alpha-channel-opacity has-base-background-color has-background is-style-wide\" style=\"margin-top:var(--wp--preset--spacing--30);margin-bottom:var(--wp--preset--spacing--30)\"\/>\n\n\n\n<h3 class=\"wp-block-heading alignwide has-base-2-color has-text-color has-link-color wp-elements-d433ef7e0f5e65528cb6932c0259cf4c\">Hallitus<\/h3>\n\n\n\n<p><strong>Puheenjohtajisto<\/strong><\/p>\n\n\n\n<p>Puheenjohtaja &#8211; Leevi Hanhij\u00e4rvi<br>Varapuheenjohtaja &#8211; Vilho Matikainen<\/p>\n\n\n\n<p><strong>J\u00e4senet<\/strong><\/p>\n\n\n\n<p>Liam Lepp\u00e4nen<br>Aleksandra Koski<br>Sinikka S\u00e4\u00e4ksj\u00e4rvi<br>Vuokko Patajoki<br>Andrei Czenter<br>Eveliina Junolainen<br>Sofia Kaukinen<br>Ronja Jussila<br>Jesse Hurt<br>Kaarle Mett\u00e4l\u00e4<\/p>\n\n\n\n<div style=\"margin-top:var(--wp--preset--spacing--10);margin-bottom:0;height:var(--wp--preset--spacing--10)\" aria-hidden=\"true\" class=\"wp-block-spacer\"><\/div>\n<\/div>\n<\/div>\n","protected":false},"excerpt":{"rendered":"<p>Yhteystiedot S\u00e4hk\u00f6posti: etunimi.sukunimi(at)edu.kirkkonummi.fi Ohjaavat opettajat Tanja S\u00e4nkiaho Hallitus Puheenjohtajisto Puheenjohtaja &#8211; Leevi Hanhij\u00e4rviVarapuheenjohtaja &#8211; Vilho Matikainen J\u00e4senet Liam Lepp\u00e4nenAleksandra KoskiSinikka S\u00e4\u00e4ksj\u00e4rviVuokko PatajokiAndrei CzenterEveliina JunolainenSofia KaukinenRonja JussilaJesse HurtKaarle Mett\u00e4l\u00e4<\/p>\n","protected":false},"author":1,"featured_media":0,"parent":0,"menu_order":0,"comment_status":"closed","ping_status":"closed","template":"page-no-title","meta":{"footnotes":""},"class_list":["post-461","page","type-page","status-publish","hentry"],"_links":{"self":[{"href":"https:\/\/porkkala.lukiot.fi\/index.php\/wp-json\/wp\/v2\/pages\/461","targetHints":{"allow":["GET"]}}],"collection":[{"href":"https:\/\/porkkala.lukiot.fi\/index.php\/wp-json\/wp\/v2\/pages"}],"about":[{"href":"https:\/\/porkkala.lukiot.fi\/index.php\/wp-json\/wp\/v2\/types\/page"}],"author":[{"embeddable":true,"href":"https:\/\/porkkala.lukiot.fi\/index.php\/wp-json\/wp\/v2\/users\/1"}],"replies":[{"embeddable":true,"href":"https:\/\/porkkala.lukiot.fi\/index.php\/wp-json\/wp\/v2\/comments?post=461"}],"version-history":[{"count":7,"href":"https:\/\/porkkala.lukiot.fi\/index.php\/wp-json\/wp\/v2\/pages\/461\/revisions"}],"predecessor-version":[{"id":579,"href":"https:\/\/porkkala.lukiot.fi\/index.php\/wp-json\/wp\/v2\/pages\/461\/revisions\/579"}],"wp:attachment":[{"href":"https:\/\/porkkala.lukiot.fi\/index.php\/wp-json\/wp\/v2\/media?parent=461"}],"curies":[{"name":"wp","href":"https:\/\/api.w.org\/{rel}","templated":true}]}}