{"id":324,"date":"2024-12-06T02:05:02","date_gmt":"2024-12-05T23:05:02","guid":{"rendered":"https:\/\/porkkala.lukiot.fi\/?page_id=324"},"modified":"2024-12-06T02:05:02","modified_gmt":"2024-12-05T23:05:02","slug":"kayttoehdot","status":"publish","type":"page","link":"https:\/\/porkkala.lukiot.fi\/index.php\/kayttoehdot\/","title":{"rendered":"K\u00e4ytt\u00f6ehdot"},"content":{"rendered":"\n<h2 class=\"wp-block-heading\"><strong>K\u00e4ytt\u00f6ehdot<\/strong><\/h2>\n\n\n\n<p>T\u00e4ll\u00e4 sivustolla k\u00e4sitelt\u00e4v\u00e4t k\u00e4ytt\u00f6ehdot koskevat kaikkia porkkala.lukiot.fi-verkkotunnuksen alla olevia osoitteita, ellei erikseen toisin mainita.<\/p>\n\n\n\n<p>K\u00e4ytt\u00e4m\u00e4ll\u00e4 porkkala.lukiot.fi verkkosivuja hyv\u00e4ksyt t\u00e4ss\u00e4 luetellut k\u00e4ytt\u00f6ehdot. K\u00e4ytt\u00f6ehdot hyv\u00e4ksym\u00e4ll\u00e4 sitoudut my\u00f6s noudattamaan niit\u00e4. Mik\u00e4li et halua hyv\u00e4ksy\u00e4 sivuston k\u00e4ytt\u00f6ehtoja, et t\u00e4ll\u00f6in saa k\u00e4ytt\u00e4\u00e4 sivustoja. Pid\u00e4t\u00e4mme oikeuden milloin tahansa p\u00e4ivitt\u00e4\u00e4, muuttaa, poista taikka lis\u00e4t\u00e4 osia ja teksti\u00e4 n\u00e4ihin k\u00e4ytt\u00f6ehtoihin. K\u00e4ytt\u00f6ehtojen muutoksien tarkistaminen ja niist\u00e4 perill\u00e4 pysyminen on k\u00e4ytt\u00e4j\u00e4n ja verkkosivuilla vierailevan omalla vastuulla. Emme vastaa sivustolla vierailun, taikka k\u00e4yt\u00f6n aikana tai seurauksesta mahdollisesti aiheutuvista v\u00e4litt\u00f6mist\u00e4 tai v\u00e4lillisist\u00e4 vahingoista.<\/p>\n\n\n\n<p>Kaikki n\u00e4ill\u00e4 verkkosivuilla esiintyv\u00e4t julkiset ja julkiseksi tarkoitetut dokumentit, kuvat, julkaisut, sek\u00e4 niihin verrattavat ovat verkkosivujen k\u00e4ytt\u00e4j\u00e4n k\u00e4ytett\u00e4viss\u00e4. T\u00e4m\u00e4 p\u00e4tee vain, mik\u00e4li niiden alkuper\u00e4inen l\u00e4hde mainitaan.<\/p>\n\n\n\n<p>Verkkosivut, niihin liitetyt palvelut, sek\u00e4 muut porkkala.lukiot.fi-verkkotunnukseen yhteydess\u00e4 olevat toiminnot voivat olla ajoittain alhaalla, huollossa, taikka voidaan poistaa k\u00e4yt\u00f6st\u00e4. Emme vastaa t\u00e4st\u00e4 mahdollisesti aiheutuvasta haitasta. Porkkalan lukion opiskelijakunta ja opiskelijakunnan hallitus pid\u00e4tt\u00e4v\u00e4t oikeuden milloin tahansa ja erikseen ilmoittamatta muokata, poistaa, lis\u00e4t\u00e4, rajoittaa ja merkitt\u00e4v\u00e4sti muuttaa verkkosivuja, sek\u00e4 muita niihin mahdollisesti liitettyj\u00e4 yll\u00e4pit\u00e4mi\u00e4mme palveluita.<\/p>\n\n\n\n<p><\/p>\n\n\n\n<p>Luotu: 6.12.2024 | Muokattu: 6.12.2024<\/p>\n","protected":false},"excerpt":{"rendered":"<p>K\u00e4ytt\u00f6ehdot T\u00e4ll\u00e4 sivustolla k\u00e4sitelt\u00e4v\u00e4t k\u00e4ytt\u00f6ehdot koskevat kaikkia porkkala.lukiot.fi-verkkotunnuksen alla olevia osoitteita, ellei erikseen toisin mainita. K\u00e4ytt\u00e4m\u00e4ll\u00e4 porkkala.lukiot.fi verkkosivuja hyv\u00e4ksyt t\u00e4ss\u00e4 luetellut k\u00e4ytt\u00f6ehdot. K\u00e4ytt\u00f6ehdot hyv\u00e4ksym\u00e4ll\u00e4 sitoudut my\u00f6s noudattamaan niit\u00e4. Mik\u00e4li et halua hyv\u00e4ksy\u00e4 sivuston k\u00e4ytt\u00f6ehtoja, et t\u00e4ll\u00f6in saa k\u00e4ytt\u00e4\u00e4 sivustoja. Pid\u00e4t\u00e4mme oikeuden milloin tahansa p\u00e4ivitt\u00e4\u00e4, muuttaa, poista taikka lis\u00e4t\u00e4 osia ja teksti\u00e4 n\u00e4ihin k\u00e4ytt\u00f6ehtoihin. K\u00e4ytt\u00f6ehtojen muutoksien [&hellip;]<\/p>\n","protected":false},"author":1,"featured_media":0,"parent":0,"menu_order":0,"comment_status":"closed","ping_status":"closed","template":"","meta":{"footnotes":""},"class_list":["post-324","page","type-page","status-publish","hentry"],"_links":{"self":[{"href":"https:\/\/porkkala.lukiot.fi\/index.php\/wp-json\/wp\/v2\/pages\/324","targetHints":{"allow":["GET"]}}],"collection":[{"href":"https:\/\/porkkala.lukiot.fi\/index.php\/wp-json\/wp\/v2\/pages"}],"about":[{"href":"https:\/\/porkkala.lukiot.fi\/index.php\/wp-json\/wp\/v2\/types\/page"}],"author":[{"embeddable":true,"href":"https:\/\/porkkala.lukiot.fi\/index.php\/wp-json\/wp\/v2\/users\/1"}],"replies":[{"embeddable":true,"href":"https:\/\/porkkala.lukiot.fi\/index.php\/wp-json\/wp\/v2\/comments?post=324"}],"version-history":[{"count":1,"href":"https:\/\/porkkala.lukiot.fi\/index.php\/wp-json\/wp\/v2\/pages\/324\/revisions"}],"predecessor-version":[{"id":326,"href":"https:\/\/porkkala.lukiot.fi\/index.php\/wp-json\/wp\/v2\/pages\/324\/revisions\/326"}],"wp:attachment":[{"href":"https:\/\/porkkala.lukiot.fi\/index.php\/wp-json\/wp\/v2\/media?parent=324"}],"curies":[{"name":"wp","href":"https:\/\/api.w.org\/{rel}","templated":true}]}}