{"id":316,"date":"2024-12-06T01:44:10","date_gmt":"2024-12-05T22:44:10","guid":{"rendered":"https:\/\/porkkala.lukiot.fi\/?page_id=316"},"modified":"2024-12-06T01:44:10","modified_gmt":"2024-12-05T22:44:10","slug":"tietosuojalauseke","status":"publish","type":"page","link":"https:\/\/porkkala.lukiot.fi\/index.php\/tietosuojalauseke\/","title":{"rendered":"Tietosuojalauseke"},"content":{"rendered":"\n<h2 class=\"wp-block-heading\"><strong>Tietosuojalauseke<\/strong><\/h2>\n\n\n\n<p>K\u00e4ytt\u00e4j\u00e4ll\u00e4 on oikeus hyv\u00e4ksy\u00e4 tai hyl\u00e4t\u00e4 kaikki muut paitsi v\u00e4ltt\u00e4m\u00e4tt\u00f6m\u00e4t ev\u00e4steet. Sivuston toimivuuden kannalta tarpeelliset ev\u00e4steet ovat kuitenkin pakollisia, eik\u00e4 niist\u00e4 voi kielt\u00e4yty\u00e4. T\u00e4ll\u00e4 hetkell\u00e4 sivusto k\u00e4ytt\u00e4\u00e4 vain sen toimivuuden kannalta v\u00e4ltt\u00e4m\u00e4tt\u00f6mi\u00e4 ev\u00e4steit\u00e4.<\/p>\n\n\n\n<p>K\u00e4ytt\u00e4\u00e4ksesi sivustoa, sinun ei tarvitse luovuttaa henkil\u00f6tietojasi. Jos kuitenkin p\u00e4\u00e4t\u00e4t antaa tietoja, sinulla on oikeus pyyt\u00e4\u00e4 niiden tarkistamista tai poistamista. Tarkemmat tiedot l\u00f6ytyv\u00e4t t\u00e4\u00e4lt\u00e4: https:\/\/porkkala.lukiot.fi\/gdpr.<\/p>\n\n\n\n<p><strong>Ev\u00e4steiden hallinta<\/strong><\/p>\n\n\n\n<p>Jos olet hyv\u00e4ksynyt ev\u00e4steet, mutta haluat poistaa ne my\u00f6hemmin, seuraa n\u00e4it\u00e4 ohjeita:<\/p>\n\n\n\n<ul class=\"wp-block-list\">\n<li><strong>Chrome<\/strong>: <a href=\"https:\/\/support.google.com\/chrome\/answer\/95647?hl=fi&amp;co=GENIE.Platform%3DDesktop\" data-type=\"link\" data-id=\"https:\/\/support.google.com\/chrome\/answer\/95647?hl=fi&amp;co=GENIE.Platform%3DDesktop\">Ev\u00e4steiden poistaminen Chromessa<\/a><\/li>\n\n\n\n<li><strong>Firefox<\/strong>: <a href=\"https:\/\/support.mozilla.org\/fi\/kb\/poista-verkkosivujen-tietokoneellesi-tallentamia\" data-type=\"link\" data-id=\"https:\/\/support.mozilla.org\/fi\/kb\/poista-verkkosivujen-tietokoneellesi-tallentamia\">Ev\u00e4steiden poistaminen Firefoxissa<\/a><\/li>\n\n\n\n<li><strong>Microsoft Edge<\/strong>: <a href=\"https:\/\/support.microsoft.com\/fi-fi\/windows\/ev%C3%A4steiden-hallinta-microsoft-edgess%C3%A4-tarkastele-salli-est%C3%A4-poista-ja-k%C3%A4yt%C3%A4-168dab11-0753-043d-7c16-ede5947fc64d\" data-type=\"link\" data-id=\"https:\/\/support.microsoft.com\/fi-fi\/windows\/ev%C3%A4steiden-hallinta-microsoft-edgess%C3%A4-tarkastele-salli-est%C3%A4-poista-ja-k%C3%A4yt%C3%A4-168dab11-0753-043d-7c16-ede5947fc64d\">Ev\u00e4steiden poistaminen Microsoft Edgess\u00e4<\/a><\/li>\n\n\n\n<li><strong>Safari<\/strong>: <a href=\"https:\/\/support.apple.com\/fi-fi\/guide\/safari\/sfri11471\/16.0\/mac\/11.0\" data-type=\"link\" data-id=\"https:\/\/support.apple.com\/fi-fi\/guide\/safari\/sfri11471\/16.0\/mac\/11.0\">Ev\u00e4steiden poistaminen Safarissa<\/a><\/li>\n<\/ul>\n\n\n\n<p><strong>Tietojen k\u00e4sittely EU:n ja ETA:n ulkopuolella<\/strong><\/p>\n\n\n\n<p>Tietoja voidaan k\u00e4sitell\u00e4 EU:n ja ETA:n ulkopuolella, koska osa kolmannen osapuolen palvelimista sijaitsee n\u00e4iden alueiden ulkopuolella.<\/p>\n\n\n\n<p><strong>Ker\u00e4tyt tiedot<\/strong><\/p>\n\n\n\n<p>Ker\u00e4ttyj\u00e4 tietoja k\u00e4ytet\u00e4\u00e4n ainoastaan analytiikkaan, sivuston toiminnan yll\u00e4pit\u00e4miseen, ja k\u00e4ytt\u00e4j\u00e4kokemuksen parantamiseen.<\/p>\n\n\n\n<p><strong>Kolmannen osapuolen palvelut<\/strong><\/p>\n\n\n\n<ul class=\"wp-block-list\">\n<li>Ei palveluita<\/li>\n<\/ul>\n\n\n\n<p><strong>V\u00e4ltt\u00e4m\u00e4tt\u00f6m\u00e4t ev\u00e4steet sivuston toiminnan kannalta<\/strong><\/p>\n\n\n\n<ul class=\"wp-block-list\">\n<li>Cloudflare (DNS)<\/li>\n<\/ul>\n\n\n\n<p><strong>Ker\u00e4tt\u00e4v\u00e4t tiedot, kun vierailet sivustolla:<\/strong><\/p>\n\n\n\n<ul class=\"wp-block-list\">\n<li>K\u00e4yntikerrat<\/li>\n\n\n\n<li>Selatut porkkala.lukiot.fi-sivut<\/li>\n\n\n\n<li>Vierailun aikaleima<\/li>\n\n\n\n<li>Selain<\/li>\n\n\n\n<li>IP-osoite<\/li>\n<\/ul>\n\n\n\n<p><strong>Yhteydenotto<\/strong><\/p>\n\n\n\n<p>S\u00e4hk\u00f6posti: info@porkkala.lukiot.fi<\/p>\n","protected":false},"excerpt":{"rendered":"<p>Tietosuojalauseke K\u00e4ytt\u00e4j\u00e4ll\u00e4 on oikeus hyv\u00e4ksy\u00e4 tai hyl\u00e4t\u00e4 kaikki muut paitsi v\u00e4ltt\u00e4m\u00e4tt\u00f6m\u00e4t ev\u00e4steet. Sivuston toimivuuden kannalta tarpeelliset ev\u00e4steet ovat kuitenkin pakollisia, eik\u00e4 niist\u00e4 voi kielt\u00e4yty\u00e4. T\u00e4ll\u00e4 hetkell\u00e4 sivusto k\u00e4ytt\u00e4\u00e4 vain sen toimivuuden kannalta v\u00e4ltt\u00e4m\u00e4tt\u00f6mi\u00e4 ev\u00e4steit\u00e4. K\u00e4ytt\u00e4\u00e4ksesi sivustoa, sinun ei tarvitse luovuttaa henkil\u00f6tietojasi. Jos kuitenkin p\u00e4\u00e4t\u00e4t antaa tietoja, sinulla on oikeus pyyt\u00e4\u00e4 niiden tarkistamista tai poistamista. Tarkemmat [&hellip;]<\/p>\n","protected":false},"author":1,"featured_media":0,"parent":0,"menu_order":0,"comment_status":"closed","ping_status":"closed","template":"","meta":{"footnotes":""},"class_list":["post-316","page","type-page","status-publish","hentry"],"_links":{"self":[{"href":"https:\/\/porkkala.lukiot.fi\/index.php\/wp-json\/wp\/v2\/pages\/316","targetHints":{"allow":["GET"]}}],"collection":[{"href":"https:\/\/porkkala.lukiot.fi\/index.php\/wp-json\/wp\/v2\/pages"}],"about":[{"href":"https:\/\/porkkala.lukiot.fi\/index.php\/wp-json\/wp\/v2\/types\/page"}],"author":[{"embeddable":true,"href":"https:\/\/porkkala.lukiot.fi\/index.php\/wp-json\/wp\/v2\/users\/1"}],"replies":[{"embeddable":true,"href":"https:\/\/porkkala.lukiot.fi\/index.php\/wp-json\/wp\/v2\/comments?post=316"}],"version-history":[{"count":1,"href":"https:\/\/porkkala.lukiot.fi\/index.php\/wp-json\/wp\/v2\/pages\/316\/revisions"}],"predecessor-version":[{"id":320,"href":"https:\/\/porkkala.lukiot.fi\/index.php\/wp-json\/wp\/v2\/pages\/316\/revisions\/320"}],"wp:attachment":[{"href":"https:\/\/porkkala.lukiot.fi\/index.php\/wp-json\/wp\/v2\/media?parent=316"}],"curies":[{"name":"wp","href":"https:\/\/api.w.org\/{rel}","templated":true}]}}