{"id":314,"date":"2024-12-06T00:50:45","date_gmt":"2024-12-05T21:50:45","guid":{"rendered":"https:\/\/porkkala.lukiot.fi\/?page_id=314"},"modified":"2025-12-20T02:32:56","modified_gmt":"2025-12-19T23:32:56","slug":"gdpr","status":"publish","type":"page","link":"https:\/\/porkkala.lukiot.fi\/index.php\/gdpr\/","title":{"rendered":"Tietosuojaseloste"},"content":{"rendered":"\n<h2 class=\"wp-block-heading\">Rekisteri- ja tietosuojaseloste<\/h2>\n\n\n\n<p>T\u00e4m\u00e4 on\u00a0Porkkalan lukion opiskelijakunnan\u00a0EU:n yleisen tietosuoja-asetuksen (GDPR) mukainen rekisteri- ja tietosuojaseloste. Laadittu\u00a05.12.2024. Viimeisin muutos\u00a020.12.2025.<\/p>\n\n\n\n<h3 class=\"wp-block-heading\">1. Rekisterinpit\u00e4j\u00e4<\/h3>\n\n\n\n<p><strong>Porkkalan lukion opiskelijakunnan kannatusyhdistys PLOK ry<\/strong><\/p>\n\n\n\n<p>Y-tunnus: 3399787-1<\/p>\n\n\n\n<p><strong>Kirkkotallintie 6A, 02400 Kirkkonummi<\/strong><\/p>\n\n\n\n<p><strong>info@porkkala.lukiot.fi<\/strong><\/p>\n\n\n\n<h3 class=\"wp-block-heading\">2. Rekisterist\u00e4 vastaava yhteyshenkil\u00f6<\/h3>\n\n\n\n<p>Rekisterist\u00e4 vastaava yhteyshenkil\u00f6 on <strong>Liam Lepp\u00e4nen<\/strong> (liam.leppanen@edu.kirkkonummi.fi).<\/p>\n\n\n\n<h3 class=\"wp-block-heading\">3. Rekisterien nimet<\/h3>\n\n\n\n<ul class=\"wp-block-list\">\n<li>Forms kyselyt<\/li>\n\n\n\n<li>Palaute<\/li>\n\n\n\n<li>Kumppanuus ja yhteisty\u00f6<\/li>\n\n\n\n<li>Asiakkaat<\/li>\n\n\n\n<li>Porkkalacraft-projektin rekisteri<\/li>\n<\/ul>\n\n\n\n<h3 class=\"wp-block-heading\">4. Henkil\u00f6tietojen k\u00e4sittelyn tarkoitus<\/h3>\n\n\n\n<p>Henkil\u00f6tietojen k\u00e4sittelyn tarkoituksena on Porkkalan opiskelijakunnan toimesta tuottaa palveluita Porkkalan lukion opiskelijoille, sek\u00e4 yll\u00e4pit\u00e4\u00e4 Porkkalan opiskelijakunnan kumppanuus- ja yhteisty\u00f6suhteita.<\/p>\n\n\n\n<h3 class=\"wp-block-heading\">5. Rekisterin tietosis\u00e4lt\u00f6<\/h3>\n\n\n\n<p>Rekisteriin tallennettavia tietoja ovat:<\/p>\n\n\n\n<ul class=\"wp-block-list\">\n<li>Henkil\u00f6n nimi, asema, yritys\/organisaatio, yhteystiedot (puhelinnumero, s\u00e4hk\u00f6postiosoite, osoite)<\/li>\n\n\n\n<li>Tunnukset\/profiilit sosiaalisen median palveluissa<\/li>\n\n\n\n<li>Tiedot tilatuista tuotteista\/palveluista ja niiden muutoksista ett\u00e4 palautteista niit\u00e4 koskien<\/li>\n\n\n\n<li>Laskutustiedot<\/li>\n\n\n\n<li>Nimimerkki<\/li>\n\n\n\n<li>Yksil\u00f6iv\u00e4 tunniste (UUID)<\/li>\n\n\n\n<li>Keskustelu- ja komentohistoria<\/li>\n\n\n\n<li>IP-osoitteet<\/li>\n\n\n\n<li>Muut asiakassuhteeseen ja tilattuihin tuotteisiin\/palveluihin sek\u00e4 kumppanuus- ja yhteisty\u00f6suhteisiin liittyv\u00e4t tiedot.<\/li>\n<\/ul>\n\n\n\n<p><\/p>\n\n\n\n<h3 class=\"wp-block-heading\">6. S\u00e4\u00e4nn\u00f6nmukaiset tietol\u00e4hteet<\/h3>\n\n\n\n<p>Rekisteriin tallennettavat tiedot saadaan asiakkaalta mm. www-lomakkeilla l\u00e4hetetyist\u00e4 viesteist\u00e4, s\u00e4hk\u00f6postitse, puhelimitse, sosiaalisen median palvelujen kautta, sopimuksista, asiakastapaamisista ja muista tilanteista, joissa asiakas luovuttaa tietojaan. Rekisteriin tallennettavat tiedot ovat asiakkaan itsens\u00e4 antamia.<\/p>\n\n\n\n<p>Yritysten ja muiden organisaatioiden yhteyshenkil\u00f6iden tietoja voidaan ker\u00e4t\u00e4 my\u00f6s julkisista l\u00e4hteist\u00e4 kuten verkkosivuilta, hakemistopalveluista ja muilta yrityksilt\u00e4.<\/p>\n\n\n\n<h3 class=\"wp-block-heading\">7. Tietojen s\u00e4\u00e4nn\u00f6nmukaiset luovutukset ja tietojen siirto EU:n tai ETA:n ulkopuolelle<\/h3>\n\n\n\n<p>Tietoja ei luovuteta s\u00e4\u00e4nn\u00f6nmukaisesti muille tahoille. Tietoja voidaan julkaista silt\u00e4 osin kuin niin on sovittu asiakkaan kanssa.<\/p>\n\n\n\n<p>Tietoja voidaan siirt\u00e4\u00e4 rekisterinpit\u00e4j\u00e4n toimesta my\u00f6s EU:n tai ETA:n ulkopuolelle.<\/p>\n\n\n\n<h3 class=\"wp-block-heading\">8. Rekisterin suojauksen periaatteet<\/h3>\n\n\n\n<p>Rekisterin k\u00e4sittelyss\u00e4 noudatetaan huolellisuutta ja tietoj\u00e4rjestelmien avulla k\u00e4sitelt\u00e4v\u00e4t tiedot suojataan asianmukaisesti. Kun rekisteritietoja s\u00e4ilytet\u00e4\u00e4n Internet-palvelimilla, niiden laitteiston fyysisest\u00e4 ja digitaalisesta tietoturvasta huolehditaan asiaankuuluvasti. Rekisterinpit\u00e4j\u00e4 huolehtii siit\u00e4, ett\u00e4 tallennettuja tietoja sek\u00e4 palvelimien k\u00e4ytt\u00f6oikeuksia ja muita henkil\u00f6tietojen turvallisuuden kannalta kriittisi\u00e4 tietoja k\u00e4sitell\u00e4\u00e4n luottamuksellisesti ja vain niiden opiskelijakunnan ja hallituksen j\u00e4senien toimesta, joiden ty\u00f6nkuvaan se kuuluu.<\/p>\n\n\n\n<h3 class=\"wp-block-heading\">9. Tarkastusoikeus ja oikeus vaatia tiedon korjaamista<\/h3>\n\n\n\n<p>Jokaisella rekisteriss\u00e4 olevalla henkil\u00f6ll\u00e4 on oikeus tarkistaa rekisteriin tallennetut tietonsa ja vaatia mahdollisen virheellisen tiedon korjaamista tai puutteellisen tiedon t\u00e4ydent\u00e4mist\u00e4. Mik\u00e4li henkil\u00f6 haluaa tarkistaa h\u00e4nest\u00e4 tallennetut tiedot tai vaatia niihin oikaisua, pyynt\u00f6 tulee&nbsp;l\u00e4hett\u00e4\u00e4 kirjallisesti&nbsp;rekisterinpit\u00e4j\u00e4lle. Rekisterinpit\u00e4j\u00e4 voi pyyt\u00e4\u00e4 tarvittaessa pyynn\u00f6n esitt\u00e4j\u00e4\u00e4 todistamaan henkil\u00f6llisyytens\u00e4. Rekisterinpit\u00e4j\u00e4 vastaa asiakkaalle EU:n tietosuoja-asetuksessa s\u00e4\u00e4detyss\u00e4 ajassa (p\u00e4\u00e4s\u00e4\u00e4nt\u00f6isesti kuukauden kuluessa).<\/p>\n\n\n\n<h3 class=\"wp-block-heading\">10. Muut henkil\u00f6tietojen k\u00e4sittelyyn liittyv\u00e4t oikeudet<\/h3>\n\n\n\n<p>Rekisteriss\u00e4 olevalla henkil\u00f6ll\u00e4 on oikeus pyyt\u00e4\u00e4 h\u00e4nt\u00e4 koskevien henkil\u00f6tietojen poistamiseen rekisterist\u00e4 (&#8221;oikeus tulla unohdetuksi&#8221;). Niin ik\u00e4\u00e4n rekister\u00f6idyill\u00e4 on muut&nbsp;<a href=\"http:\/\/eur-lex.europa.eu\/legal-content\/FI\/TXT\/?uri=CELEX%3A32016R0679#d1e2144-1-1\" target=\"_blank\" rel=\"noreferrer noopener\">EU:n yleisen tietosuoja-asetuksen mukaiset oikeudet<\/a>&nbsp;kuten henkil\u00f6tietojen k\u00e4sittelyn rajoittaminen tietyiss\u00e4 tilanteissa. Pyynn\u00f6t tulee&nbsp;l\u00e4hett\u00e4\u00e4 kirjallisesti&nbsp;rekisterinpit\u00e4j\u00e4lle. Rekisterinpit\u00e4j\u00e4 voi pyyt\u00e4\u00e4 tarvittaessa pyynn\u00f6n esitt\u00e4j\u00e4\u00e4 todistamaan henkil\u00f6llisyytens\u00e4. Rekisterinpit\u00e4j\u00e4 vastaa asiakkaalle EU:n tietosuoja-asetuksessa s\u00e4\u00e4detyss\u00e4 ajassa (p\u00e4\u00e4s\u00e4\u00e4nt\u00f6isesti kuukauden kuluessa).<\/p>\n","protected":false},"excerpt":{"rendered":"<p>Rekisteri- ja tietosuojaseloste T\u00e4m\u00e4 on\u00a0Porkkalan lukion opiskelijakunnan\u00a0EU:n yleisen tietosuoja-asetuksen (GDPR) mukainen rekisteri- ja tietosuojaseloste. Laadittu\u00a05.12.2024. Viimeisin muutos\u00a020.12.2025. 1. Rekisterinpit\u00e4j\u00e4 Porkkalan lukion opiskelijakunnan kannatusyhdistys PLOK ry Y-tunnus: 3399787-1 Kirkkotallintie 6A, 02400 Kirkkonummi info@porkkala.lukiot.fi 2. Rekisterist\u00e4 vastaava yhteyshenkil\u00f6 Rekisterist\u00e4 vastaava yhteyshenkil\u00f6 on Liam Lepp\u00e4nen (liam.leppanen@edu.kirkkonummi.fi). 3. Rekisterien nimet 4. Henkil\u00f6tietojen k\u00e4sittelyn tarkoitus Henkil\u00f6tietojen k\u00e4sittelyn tarkoituksena on Porkkalan [&hellip;]<\/p>\n","protected":false},"author":1,"featured_media":0,"parent":0,"menu_order":0,"comment_status":"closed","ping_status":"closed","template":"","meta":{"footnotes":""},"class_list":["post-314","page","type-page","status-publish","hentry"],"_links":{"self":[{"href":"https:\/\/porkkala.lukiot.fi\/index.php\/wp-json\/wp\/v2\/pages\/314","targetHints":{"allow":["GET"]}}],"collection":[{"href":"https:\/\/porkkala.lukiot.fi\/index.php\/wp-json\/wp\/v2\/pages"}],"about":[{"href":"https:\/\/porkkala.lukiot.fi\/index.php\/wp-json\/wp\/v2\/types\/page"}],"author":[{"embeddable":true,"href":"https:\/\/porkkala.lukiot.fi\/index.php\/wp-json\/wp\/v2\/users\/1"}],"replies":[{"embeddable":true,"href":"https:\/\/porkkala.lukiot.fi\/index.php\/wp-json\/wp\/v2\/comments?post=314"}],"version-history":[{"count":3,"href":"https:\/\/porkkala.lukiot.fi\/index.php\/wp-json\/wp\/v2\/pages\/314\/revisions"}],"predecessor-version":[{"id":587,"href":"https:\/\/porkkala.lukiot.fi\/index.php\/wp-json\/wp\/v2\/pages\/314\/revisions\/587"}],"wp:attachment":[{"href":"https:\/\/porkkala.lukiot.fi\/index.php\/wp-json\/wp\/v2\/media?parent=314"}],"curies":[{"name":"wp","href":"https:\/\/api.w.org\/{rel}","templated":true}]}}